{"id":132,"date":"2021-07-14T17:21:48","date_gmt":"2021-07-14T17:21:48","guid":{"rendered":"https:\/\/portalgreen.ro\/?page_id=132"},"modified":"2023-11-04T12:28:29","modified_gmt":"2023-11-04T10:28:29","slug":"our-story","status":"publish","type":"page","link":"https:\/\/portalvillage.ro\/en\/our-story\/","title":{"rendered":"VISION"},"content":{"rendered":"\t\t<div data-elementor-type=\"wp-page\" data-elementor-id=\"132\" class=\"elementor elementor-132\" data-elementor-post-type=\"page\">\n\t\t\t\t\t\t<section class=\"elementor-section elementor-top-section elementor-element elementor-element-5353b73a elementor-section-full_width elementor-section-height-default elementor-section-height-default\" data-id=\"5353b73a\" data-element_type=\"section\" data-e-type=\"section\">\n\t\t\t\t\t\t<div class=\"elementor-container elementor-column-gap-default\">\n\t\t\t\t\t<div class=\"elementor-column elementor-col-50 elementor-top-column elementor-element elementor-element-2397ad72\" data-id=\"2397ad72\" data-element_type=\"column\" data-e-type=\"column\">\n\t\t\t<div class=\"elementor-widget-wrap elementor-element-populated\">\n\t\t\t\t\t\t<div class=\"elementor-element elementor-element-51c558b6 elementor-widget__width-initial elementor-widget elementor-widget-image\" data-id=\"51c558b6\" data-element_type=\"widget\" data-e-type=\"widget\" data-widget_type=\"image.default\">\n\t\t\t\t<div class=\"elementor-widget-container\">\n\t\t\t\t\t\t\t\t\t\t\t\t\t\t\t<img fetchpriority=\"high\" decoding=\"async\" width=\"1024\" height=\"1536\" src=\"https:\/\/portalvillage.ro\/wp-content\/uploads\/2022\/01\/Portal-258.jpg\" class=\"attachment-full size-full wp-image-3164\" alt=\"\" srcset=\"https:\/\/portalvillage.ro\/wp-content\/uploads\/2022\/01\/Portal-258.jpg 1024w, https:\/\/portalvillage.ro\/wp-content\/uploads\/2022\/01\/Portal-258-200x300.jpg 200w, https:\/\/portalvillage.ro\/wp-content\/uploads\/2022\/01\/Portal-258-683x1024.jpg 683w, https:\/\/portalvillage.ro\/wp-content\/uploads\/2022\/01\/Portal-258-768x1152.jpg 768w, https:\/\/portalvillage.ro\/wp-content\/uploads\/2022\/01\/Portal-258-8x12.jpg 8w\" sizes=\"(max-width: 1024px) 100vw, 1024px\" \/>\t\t\t\t\t\t\t\t\t\t\t\t\t\t\t<\/div>\n\t\t\t\t<\/div>\n\t\t\t\t\t<\/div>\n\t\t<\/div>\n\t\t\t\t<div class=\"elementor-column elementor-col-50 elementor-top-column elementor-element elementor-element-10d88345\" data-id=\"10d88345\" data-element_type=\"column\" data-e-type=\"column\">\n\t\t\t<div class=\"elementor-widget-wrap elementor-element-populated\">\n\t\t\t\t\t\t<section class=\"elementor-section elementor-inner-section elementor-element elementor-element-4bea4f02 elementor-section-height-min-height elementor-section-boxed elementor-section-height-default\" data-id=\"4bea4f02\" data-element_type=\"section\" data-e-type=\"section\">\n\t\t\t\t\t\t<div class=\"elementor-container elementor-column-gap-default\">\n\t\t\t\t\t<div class=\"elementor-column elementor-col-100 elementor-inner-column elementor-element elementor-element-fdf53ad\" data-id=\"fdf53ad\" data-element_type=\"column\" data-e-type=\"column\" data-settings=\"{&quot;motion_fx_motion_fx_scrolling&quot;:&quot;yes&quot;,&quot;motion_fx_translateX_effect&quot;:&quot;yes&quot;,&quot;motion_fx_translateX_speed&quot;:{&quot;unit&quot;:&quot;px&quot;,&quot;size&quot;:&quot;1&quot;,&quot;sizes&quot;:[]},&quot;motion_fx_translateX_affectedRange&quot;:{&quot;unit&quot;:&quot;%&quot;,&quot;size&quot;:&quot;&quot;,&quot;sizes&quot;:{&quot;start&quot;:&quot;0&quot;,&quot;end&quot;:&quot;50&quot;}},&quot;motion_fx_devices&quot;:[&quot;desktop&quot;]}\">\n\t\t\t<div class=\"elementor-widget-wrap elementor-element-populated\">\n\t\t\t\t\t\t<div class=\"elementor-element elementor-element-542addf4 elementor-widget elementor-widget-heading\" data-id=\"542addf4\" data-element_type=\"widget\" data-e-type=\"widget\" data-widget_type=\"heading.default\">\n\t\t\t\t<div class=\"elementor-widget-container\">\n\t\t\t\t\t<h3 class=\"elementor-heading-title elementor-size-default\">antreprenor \/\/ owner<\/h3>\t\t\t\t<\/div>\n\t\t\t\t<\/div>\n\t\t\t\t<div class=\"elementor-element elementor-element-2f99101a elementor-widget elementor-widget-text-editor\" data-id=\"2f99101a\" data-element_type=\"widget\" data-e-type=\"widget\" data-widget_type=\"text-editor.default\">\n\t\t\t\t<div class=\"elementor-widget-container\">\n\t\t\t\t\t\t\t\t\t<h1 class=\"p1\"><span class=\"s1\">Anca<\/span><span style=\"color: #7e8849;\"><strong><span class=\"s2\"> Munteanu<\/span><\/strong><\/span><\/h1>\t\t\t\t\t\t\t\t<\/div>\n\t\t\t\t<\/div>\n\t\t\t\t<div class=\"elementor-element elementor-element-4042e209 elementor-widget elementor-widget-text-editor\" data-id=\"4042e209\" data-element_type=\"widget\" data-e-type=\"widget\" data-widget_type=\"text-editor.default\">\n\t\t\t\t<div class=\"elementor-widget-container\">\n\t\t\t\t\t\t\t\t\t<p><span style=\"font-style: inherit; letter-spacing: 0px;\">PORTAL Village are ca piatr\u0103 de temelie dorin\u021ba de a inspira certitudine, frumuse\u021be, confort \u0219i echilibru.<\/span><\/p><p><span style=\"font-weight: 400;\">Oferim servicii de ospitalitate de calitate, promov\u0103m simplitatea sofisticat\u0103 \u0219i beneficiile eco-divertismentul.\u00a0<\/span><\/p><p><span style=\"font-weight: 400;\">Ajutat de cadrul natural \u201dwild\u201d \u00een care este construit, PORTAL Village faciliteaz\u0103 conectarea clien\u021bilor la o starea edenic\u0103, f\u0103r\u0103 a sacrifica condi\u021biile specifice zonei lor de confort de tip \u201durban\u201d.<\/span><\/p><p><span style=\"font-size: 16px; font-weight: 400;\"> Primenesc locul \u0219i v\u0103 a\u0219tept, cu timp, s\u0103 trece\u021bi Pragul acestui spa\u021biu consacrat libert\u0103\u021bii personale, crea\u021biei, eleva\u021biei spirituale \u0219i confortului interior!<\/span><\/p>\t\t\t\t\t\t\t\t<\/div>\n\t\t\t\t<\/div>\n\t\t\t\t\t<\/div>\n\t\t<\/div>\n\t\t\t\t\t<\/div>\n\t\t<\/section>\n\t\t\t\t\t<\/div>\n\t\t<\/div>\n\t\t\t\t\t<\/div>\n\t\t<\/section>\n\t\t\t\t<section class=\"elementor-section elementor-top-section elementor-element elementor-element-6f1ed7 elementor-section-full_width elementor-section-height-default elementor-section-height-default\" data-id=\"6f1ed7\" data-element_type=\"section\" data-e-type=\"section\" data-settings=\"{&quot;background_background&quot;:&quot;classic&quot;}\">\n\t\t\t\t\t\t\t<div class=\"elementor-background-overlay\"><\/div>\n\t\t\t\t\t\t\t<div class=\"elementor-container elementor-column-gap-default\">\n\t\t\t\t\t<div class=\"elementor-column elementor-col-100 elementor-top-column elementor-element elementor-element-793eaf14\" data-id=\"793eaf14\" data-element_type=\"column\" data-e-type=\"column\">\n\t\t\t<div class=\"elementor-widget-wrap elementor-element-populated\">\n\t\t\t\t\t\t<section class=\"elementor-section elementor-inner-section elementor-element elementor-element-7665d4a8 elementor-section-height-min-height elementor-section-boxed elementor-section-height-default\" data-id=\"7665d4a8\" data-element_type=\"section\" data-e-type=\"section\" data-settings=\"{&quot;motion_fx_motion_fx_scrolling&quot;:&quot;yes&quot;,&quot;motion_fx_translateY_effect&quot;:&quot;yes&quot;,&quot;motion_fx_translateY_direction&quot;:&quot;negative&quot;,&quot;motion_fx_translateY_speed&quot;:{&quot;unit&quot;:&quot;px&quot;,&quot;size&quot;:&quot;1&quot;,&quot;sizes&quot;:[]},&quot;motion_fx_devices&quot;:[&quot;desktop&quot;],&quot;motion_fx_translateY_affectedRange&quot;:{&quot;unit&quot;:&quot;%&quot;,&quot;size&quot;:&quot;&quot;,&quot;sizes&quot;:{&quot;start&quot;:0,&quot;end&quot;:100}}}\">\n\t\t\t\t\t\t<div class=\"elementor-container elementor-column-gap-default\">\n\t\t\t\t\t<div class=\"elementor-column elementor-col-50 elementor-inner-column elementor-element elementor-element-36bf2af\" data-id=\"36bf2af\" data-element_type=\"column\" data-e-type=\"column\">\n\t\t\t<div class=\"elementor-widget-wrap elementor-element-populated\">\n\t\t\t\t\t\t<div class=\"elementor-element elementor-element-b2cfaac elementor-widget elementor-widget-heading\" data-id=\"b2cfaac\" data-element_type=\"widget\" data-e-type=\"widget\" data-widget_type=\"heading.default\">\n\t\t\t\t<div class=\"elementor-widget-container\">\n\t\t\t\t\t<h2 class=\"elementor-heading-title elementor-size-default\">VALORILE NOASTRE<\/h2>\t\t\t\t<\/div>\n\t\t\t\t<\/div>\n\t\t\t\t<div class=\"elementor-element elementor-element-2e6b3d20 elementor-widget__width-initial elementor-widget elementor-widget-text-editor\" data-id=\"2e6b3d20\" data-element_type=\"widget\" data-e-type=\"widget\" data-widget_type=\"text-editor.default\">\n\t\t\t\t<div class=\"elementor-widget-container\">\n\t\t\t\t\t\t\t\t\t<h4><strong>SUSTENABILITATEA<\/strong><\/h4>\n<p>Suntem o afacere sustenabil\u0103. Pentru a putea rosti aceste cuvinte am implementat \u0219i protejat \u00eenc\u0103 de la stadiul de proiectare abordarea holistic\u0103 a provoc\u0103rii pe care o presupune existen\u021ba acestei afaceri. A\u0219a c\u0103, pentru noi, cea mai important\u0103 valoare este de \u201ca r\u0103spunde nevoilor prezentului f\u0103r\u0103 a compromite capacitatea genera\u021biilor viitoare de a-\u0219i satisface propriile nevoi\u201d*<\/p>\n<p>*Raportul Brundtland<\/p>\t\t\t\t\t\t\t\t<\/div>\n\t\t\t\t<\/div>\n\t\t\t\t\t<\/div>\n\t\t<\/div>\n\t\t\t\t<div class=\"elementor-column elementor-col-50 elementor-inner-column elementor-element elementor-element-2914fc0\" data-id=\"2914fc0\" data-element_type=\"column\" data-e-type=\"column\">\n\t\t\t<div class=\"elementor-widget-wrap elementor-element-populated\">\n\t\t\t\t\t\t<div class=\"elementor-element elementor-element-02e259f elementor-widget elementor-widget-text-editor\" data-id=\"02e259f\" data-element_type=\"widget\" data-e-type=\"widget\" data-widget_type=\"text-editor.default\">\n\t\t\t\t<div class=\"elementor-widget-container\">\n\t\t\t\t\t\t\t\t\t<h4><strong>EXCELEN\u021aA<\/strong><\/h4><p>Investim continuu \u00een oamenii din echipa noastr\u0103.<\/p><p>Monitoriz\u0103m \u0219i analiz\u0103m satisfac\u021bia clien\u021bilor PORTAL Village.<\/p><p>Spunem ce facem. Facem ce spunem. Spunem adev\u0103rul de fiecare dat\u0103!<\/p>\t\t\t\t\t\t\t\t<\/div>\n\t\t\t\t<\/div>\n\t\t\t\t\t<\/div>\n\t\t<\/div>\n\t\t\t\t\t<\/div>\n\t\t<\/section>\n\t\t\t\t\t<\/div>\n\t\t<\/div>\n\t\t\t\t\t<\/div>\n\t\t<\/section>\n\t\t\t\t<section class=\"elementor-section elementor-top-section elementor-element elementor-element-882a45d elementor-section-full_width elementor-section-height-default elementor-section-height-default\" data-id=\"882a45d\" data-element_type=\"section\" data-e-type=\"section\">\n\t\t\t\t\t\t<div class=\"elementor-container elementor-column-gap-default\">\n\t\t\t\t\t<div class=\"elementor-column elementor-col-50 elementor-top-column elementor-element elementor-element-f8a2f80\" data-id=\"f8a2f80\" data-element_type=\"column\" data-e-type=\"column\">\n\t\t\t<div class=\"elementor-widget-wrap elementor-element-populated\">\n\t\t\t\t\t\t<div class=\"elementor-element elementor-element-86005fe elementor-widget-divider--view-line_text elementor-widget-divider--element-align-center elementor-widget elementor-widget-divider\" data-id=\"86005fe\" data-element_type=\"widget\" data-e-type=\"widget\" data-widget_type=\"divider.default\">\n\t\t\t\t<div class=\"elementor-widget-container\">\n\t\t\t\t\t\t\t<div class=\"elementor-divider\">\n\t\t\t<span class=\"elementor-divider-separator\">\n\t\t\t\t\t\t\t<span class=\"elementor-divider__text elementor-divider__element\">\n\t\t\t\tRezerv\u0103 urm\u0103toarea <b>Experien\u021b\u0103<\/b>\t\t\t\t<\/span>\n\t\t\t\t\t\t<\/span>\n\t\t<\/div>\n\t\t\t\t\t\t<\/div>\n\t\t\t\t<\/div>\n\t\t\t\t\t<\/div>\n\t\t<\/div>\n\t\t\t\t<div class=\"elementor-column elementor-col-50 elementor-top-column elementor-element elementor-element-1d4f8ac\" data-id=\"1d4f8ac\" data-element_type=\"column\" data-e-type=\"column\">\n\t\t\t<div class=\"elementor-widget-wrap elementor-element-populated\">\n\t\t\t\t\t\t<div class=\"elementor-element elementor-element-348d035 elementor-align-right elementor-mobile-align-center elementor-widget elementor-widget-button\" data-id=\"348d035\" data-element_type=\"widget\" data-e-type=\"widget\" data-widget_type=\"button.default\">\n\t\t\t\t<div class=\"elementor-widget-container\">\n\t\t\t\t\t\t\t\t\t<div class=\"elementor-button-wrapper\">\n\t\t\t\t\t<a class=\"elementor-button elementor-button-link elementor-size-sm\" href=\"https:\/\/portal.pynbooking.direct\/\" id=\"generate_lead_button\" target=\"_blank\" rel=\"noopener\">\n\t\t\t\t\t\t<span class=\"elementor-button-content-wrapper\">\n\t\t\t\t\t\t\t\t\t<span class=\"elementor-button-text\">AFL\u0102 MAI MULTE<\/span>\n\t\t\t\t\t<\/span>\n\t\t\t\t\t<\/a>\n\t\t\t\t<\/div>\n\t\t\t\t\t\t\t\t<\/div>\n\t\t\t\t<\/div>\n\t\t\t\t\t<\/div>\n\t\t<\/div>\n\t\t\t\t\t<\/div>\n\t\t<\/section>\n\t\t\t\t<section class=\"elementor-section elementor-top-section elementor-element elementor-element-4a9ffa2 elementor-section-full_width elementor-section-height-default elementor-section-height-default\" data-id=\"4a9ffa2\" data-element_type=\"section\" data-e-type=\"section\">\n\t\t\t\t\t\t<div class=\"elementor-container elementor-column-gap-default\">\n\t\t\t\t\t<div class=\"elementor-column elementor-col-100 elementor-top-column elementor-element elementor-element-96656a4\" data-id=\"96656a4\" data-element_type=\"column\" data-e-type=\"column\">\n\t\t\t<div class=\"elementor-widget-wrap elementor-element-populated\">\n\t\t\t\t\t\t<section class=\"elementor-section elementor-inner-section elementor-element elementor-element-5c21d90 elementor-section-height-min-height elementor-section-boxed elementor-section-height-default\" data-id=\"5c21d90\" data-element_type=\"section\" data-e-type=\"section\" data-settings=\"{&quot;motion_fx_motion_fx_scrolling&quot;:&quot;yes&quot;,&quot;motion_fx_translateY_effect&quot;:&quot;yes&quot;,&quot;motion_fx_translateY_direction&quot;:&quot;negative&quot;,&quot;motion_fx_translateY_speed&quot;:{&quot;unit&quot;:&quot;px&quot;,&quot;size&quot;:&quot;1&quot;,&quot;sizes&quot;:[]},&quot;motion_fx_devices&quot;:[&quot;desktop&quot;],&quot;motion_fx_translateY_affectedRange&quot;:{&quot;unit&quot;:&quot;%&quot;,&quot;size&quot;:&quot;&quot;,&quot;sizes&quot;:{&quot;start&quot;:0,&quot;end&quot;:100}}}\">\n\t\t\t\t\t\t<div class=\"elementor-container elementor-column-gap-default\">\n\t\t\t\t\t<div class=\"elementor-column elementor-col-100 elementor-inner-column elementor-element elementor-element-4e2b0b0\" data-id=\"4e2b0b0\" data-element_type=\"column\" data-e-type=\"column\">\n\t\t\t<div class=\"elementor-widget-wrap elementor-element-populated\">\n\t\t\t\t\t\t<div class=\"elementor-element elementor-element-ffcf07d elementor-widget elementor-widget-heading\" data-id=\"ffcf07d\" data-element_type=\"widget\" data-e-type=\"widget\" data-widget_type=\"heading.default\">\n\t\t\t\t<div class=\"elementor-widget-container\">\n\t\t\t\t\t<h2 class=\"elementor-heading-title elementor-size-default\">CONCEPT\nSLOW LIVING<\/h2>\t\t\t\t<\/div>\n\t\t\t\t<\/div>\n\t\t\t\t<div class=\"elementor-element elementor-element-cf79f2f elementor-widget elementor-widget-text-editor\" data-id=\"cf79f2f\" data-element_type=\"widget\" data-e-type=\"widget\" data-widget_type=\"text-editor.default\">\n\t\t\t\t<div class=\"elementor-widget-container\">\n\t\t\t\t\t\t\t\t\t<p dir=\"ltr\">Conceptul \u00een sine reprezint\u0103 o pies\u0103 de domino generat\u0103 de mi\u0219carea lui Carlo Petrini \u0219i a grupului de activi\u0219ti care au format Slow Food, o ac\u021biune civic\u0103 menit\u0103 s\u0103 apere tradi\u021biile alimentare regionale \u00een Roma anilor \u201880. A\u0219adar, o contra reac\u021bie a normelor stabilite de \u201dsecolul vitezei\u201d, care de atunci a influen\u021bat continuu \u0219i benefic bio-ritmul societ\u0103\u021bii contemporane occidentale.\u00a0<\/p><p dir=\"ltr\">Pe m\u0103sur\u0103 ce s-a descoperit c\u0103 mai repede nu este \u00eentotdeauna mai bun, oamenii au adoptat cuv\u00e2ntul \u201dslow\/lent\u201d pentru mai multe domenii din via\u021ba de zi cu zi, <i>food,<\/i> travel, gardening, design, fashion, care \u00eensumate compun genericul slow living.<\/p><p dir=\"ltr\">PORTAL Village invit\u0103 la \u00eencetinirea ritmului ca \u0219i condi\u021bie esen\u021bial\u0103 pentru a surprinde esen\u021bialul! Consider\u0103m c\u0103 \u00eencetinirea ritmului vie\u021bii \u0219i plasarea adev\u0103ratelor noastre valori \u00een centrul stilului nostru de via\u021b\u0103 particip\u0103 direct la formarea unei noi paradigme, a unei mentalit\u0103\u021bi slow living, care ne determin\u0103 s\u0103 tr\u0103im \u00een cuno\u0219tin\u021b\u0103 de cauz\u0103, s\u0103 lu\u0103m decizii con\u0219tiente \u0219i bine inten\u021bionate, \u00een beneficiul propriei bun\u0103st\u0103ri, extins\u0103 la nivel de micro-sistem \u0219i eco-sistem.<\/p><p dir=\"ltr\">\u201dSlow living este despre crearea de timp, spa\u021biu \u0219i energie pentru lucrurile care conteaz\u0103 cel mai mult pentru noi \u00een via\u021b\u0103, a\u0219a c\u0103 \u00eentreab\u0103-te ce ai de c\u00e2\u0219tigat!\u201d\u00a0 Brooke McAlary\u00a0<\/p>\t\t\t\t\t\t\t\t<\/div>\n\t\t\t\t<\/div>\n\t\t\t\t\t<\/div>\n\t\t<\/div>\n\t\t\t\t\t<\/div>\n\t\t<\/section>\n\t\t\t\t\t<\/div>\n\t\t<\/div>\n\t\t\t\t\t<\/div>\n\t\t<\/section>\n\t\t\t\t<section class=\"elementor-section elementor-top-section elementor-element elementor-element-1c3e5bdb elementor-section-full_width elementor-section-height-default elementor-section-height-default\" data-id=\"1c3e5bdb\" data-element_type=\"section\" data-e-type=\"section\">\n\t\t\t\t\t\t<div class=\"elementor-container elementor-column-gap-default\">\n\t\t\t\t\t<div class=\"elementor-column elementor-col-50 elementor-top-column elementor-element elementor-element-627d64a0\" data-id=\"627d64a0\" data-element_type=\"column\" data-e-type=\"column\">\n\t\t\t<div class=\"elementor-widget-wrap elementor-element-populated\">\n\t\t\t\t\t\t<div class=\"elementor-element elementor-element-3b873d0 elementor-widget-divider--view-line_text elementor-widget-divider--element-align-center elementor-widget elementor-widget-divider\" data-id=\"3b873d0\" data-element_type=\"widget\" data-e-type=\"widget\" data-widget_type=\"divider.default\">\n\t\t\t\t<div class=\"elementor-widget-container\">\n\t\t\t\t\t\t\t<div class=\"elementor-divider\">\n\t\t\t<span class=\"elementor-divider-separator\">\n\t\t\t\t\t\t\t<span class=\"elementor-divider__text elementor-divider__element\">\n\t\t\t\tRezerv\u0103 urm\u0103toarea <b>Experien\u021b\u0103<\/b>\t\t\t\t<\/span>\n\t\t\t\t\t\t<\/span>\n\t\t<\/div>\n\t\t\t\t\t\t<\/div>\n\t\t\t\t<\/div>\n\t\t\t\t\t<\/div>\n\t\t<\/div>\n\t\t\t\t<div class=\"elementor-column elementor-col-50 elementor-top-column elementor-element elementor-element-7872ed92\" data-id=\"7872ed92\" data-element_type=\"column\" data-e-type=\"column\">\n\t\t\t<div class=\"elementor-widget-wrap elementor-element-populated\">\n\t\t\t\t\t\t<div class=\"elementor-element elementor-element-28243e8a elementor-align-right elementor-mobile-align-center elementor-widget elementor-widget-button\" data-id=\"28243e8a\" data-element_type=\"widget\" data-e-type=\"widget\" data-widget_type=\"button.default\">\n\t\t\t\t<div class=\"elementor-widget-container\">\n\t\t\t\t\t\t\t\t\t<div class=\"elementor-button-wrapper\">\n\t\t\t\t\t<a class=\"elementor-button elementor-button-link elementor-size-sm\" href=\"https:\/\/portal.pynbooking.direct\/\" id=\"generate_lead_button\" target=\"_blank\" rel=\"noopener\">\n\t\t\t\t\t\t<span class=\"elementor-button-content-wrapper\">\n\t\t\t\t\t\t\t\t\t<span class=\"elementor-button-text\">AFL\u0102 MAI MULTE<\/span>\n\t\t\t\t\t<\/span>\n\t\t\t\t\t<\/a>\n\t\t\t\t<\/div>\n\t\t\t\t\t\t\t\t<\/div>\n\t\t\t\t<\/div>\n\t\t\t\t\t<\/div>\n\t\t<\/div>\n\t\t\t\t\t<\/div>\n\t\t<\/section>\n\t\t\t\t<\/div>\n\t\t","protected":false},"excerpt":{"rendered":"<p>antreprenor \/\/ owner Anca Munteanu PORTAL Village are ca piatr\u0103 de temelie dorin\u021ba de a inspira certitudine, frumuse\u021be, confort \u0219i echilibru. Oferim servicii de ospitalitate de calitate, promov\u0103m simplitatea sofisticat\u0103 \u0219i beneficiile eco-divertismentul.\u00a0 Ajutat de cadrul natural \u201dwild\u201d \u00een care este construit, PORTAL Village faciliteaz\u0103 conectarea clien\u021bilor la o starea edenic\u0103, f\u0103r\u0103 a sacrifica condi\u021biile [&hellip;]<\/p>\n","protected":false},"author":1,"featured_media":0,"parent":0,"menu_order":0,"comment_status":"closed","ping_status":"closed","template":"","meta":{"site-sidebar-layout":"no-sidebar","site-content-layout":"page-builder","ast-site-content-layout":"default","site-content-style":"default","site-sidebar-style":"default","ast-global-header-display":"","ast-banner-title-visibility":"","ast-main-header-display":"","ast-hfb-above-header-display":"","ast-hfb-below-header-display":"","ast-hfb-mobile-header-display":"","site-post-title":"disabled","ast-breadcrumbs-content":"","ast-featured-img":"disabled","footer-sml-layout":"","ast-disable-related-posts":"","theme-transparent-header-meta":"default","adv-header-id-meta":"","stick-header-meta":"","header-above-stick-meta":"","header-main-stick-meta":"","header-below-stick-meta":"","astra-migrate-meta-layouts":"default","ast-page-background-enabled":"default","ast-page-background-meta":{"desktop":{"background-color":"","background-image":"","background-repeat":"repeat","background-position":"center center","background-size":"auto","background-attachment":"scroll","background-type":"","background-media":"","overlay-type":"","overlay-color":"","overlay-opacity":"","overlay-gradient":""},"tablet":{"background-color":"","background-image":"","background-repeat":"repeat","background-position":"center center","background-size":"auto","background-attachment":"scroll","background-type":"","background-media":"","overlay-type":"","overlay-color":"","overlay-opacity":"","overlay-gradient":""},"mobile":{"background-color":"","background-image":"","background-repeat":"repeat","background-position":"center center","background-size":"auto","background-attachment":"scroll","background-type":"","background-media":"","overlay-type":"","overlay-color":"","overlay-opacity":"","overlay-gradient":""}},"ast-content-background-meta":{"desktop":{"background-color":"var(--ast-global-color-5)","background-image":"","background-repeat":"repeat","background-position":"center center","background-size":"auto","background-attachment":"scroll","background-type":"","background-media":"","overlay-type":"","overlay-color":"","overlay-opacity":"","overlay-gradient":""},"tablet":{"background-color":"var(--ast-global-color-5)","background-image":"","background-repeat":"repeat","background-position":"center center","background-size":"auto","background-attachment":"scroll","background-type":"","background-media":"","overlay-type":"","overlay-color":"","overlay-opacity":"","overlay-gradient":""},"mobile":{"background-color":"var(--ast-global-color-5)","background-image":"","background-repeat":"repeat","background-position":"center center","background-size":"auto","background-attachment":"scroll","background-type":"","background-media":"","overlay-type":"","overlay-color":"","overlay-opacity":"","overlay-gradient":""}},"footnotes":""},"class_list":["post-132","page","type-page","status-publish","hentry"],"_links":{"self":[{"href":"https:\/\/portalvillage.ro\/en\/wp-json\/wp\/v2\/pages\/132","targetHints":{"allow":["GET"]}}],"collection":[{"href":"https:\/\/portalvillage.ro\/en\/wp-json\/wp\/v2\/pages"}],"about":[{"href":"https:\/\/portalvillage.ro\/en\/wp-json\/wp\/v2\/types\/page"}],"author":[{"embeddable":true,"href":"https:\/\/portalvillage.ro\/en\/wp-json\/wp\/v2\/users\/1"}],"replies":[{"embeddable":true,"href":"https:\/\/portalvillage.ro\/en\/wp-json\/wp\/v2\/comments?post=132"}],"version-history":[{"count":220,"href":"https:\/\/portalvillage.ro\/en\/wp-json\/wp\/v2\/pages\/132\/revisions"}],"predecessor-version":[{"id":7037,"href":"https:\/\/portalvillage.ro\/en\/wp-json\/wp\/v2\/pages\/132\/revisions\/7037"}],"wp:attachment":[{"href":"https:\/\/portalvillage.ro\/en\/wp-json\/wp\/v2\/media?parent=132"}],"curies":[{"name":"wp","href":"https:\/\/api.w.org\/{rel}","templated":true}]}}